{"id":2,"date":"2016-05-10T03:48:21","date_gmt":"2016-05-10T03:48:21","guid":{"rendered":"http:\/\/anwalt-4u.de\/?page_id=2"},"modified":"2020-03-24T15:14:41","modified_gmt":"2020-03-24T15:14:41","slug":"sample-page","status":"publish","type":"page","link":"https:\/\/www.anwalt-4u.de\/","title":{"rendered":"Willkommen"},"content":{"rendered":"<p>Auf dieser Seite erhalten Sie Informationen \u00fcber die Kanzlei von Rechtsanwalt Henry Lange.<\/p>\n<p>F\u00fcr Terminvereinbarungen stehe ich unter folgender Rufnummer zur Verf\u00fcgung<br \/>\nTelefon: 030 &#8211; 280 99 744.<br \/>\nB\u00fcrozeiten sind: Mo-Fr. von 9.00 bis 13.00 Uhr und von 14.00 bis 17.00 Uhr<\/p>\n<p>Bei Abwesenheit wegen ausw\u00e4rtiger (Gerichts-) Termine steht auch ein Anrufbeantworter zur Verf\u00fcgung, auf dem Sie eine Nachricht hinterlassen k\u00f6nnen.<\/p>\n<p>Ihr Henry Lange<\/p>\n","protected":false},"excerpt":{"rendered":"<p>Auf dieser Seite erhalten Sie Informationen \u00fcber die Kanzlei von Rechtsanwalt Henry Lange. F\u00fcr Terminvereinbarungen stehe ich unter folgender Rufnummer zur Verf\u00fcgung Telefon: 030 &#8211; 280 99 744. B\u00fcrozeiten sind: Mo-Fr. von 9.00 bis 13.00 Uhr und von 14.00 bis 17.00 Uhr Bei Abwesenheit wegen ausw\u00e4rtiger (Gerichts-) Termine steht auch ein Anrufbeantworter zur Verf\u00fcgung, auf &#8230; <a title=\"Willkommen\" class=\"read-more\" href=\"https:\/\/www.anwalt-4u.de\/\" aria-label=\"Mehr dazu unter Willkommen\">Weiterlesen<\/a><\/p>\n","protected":false},"author":1,"featured_media":0,"parent":0,"menu_order":0,"comment_status":"closed","ping_status":"open","template":"","meta":[],"_links":{"self":[{"href":"https:\/\/www.anwalt-4u.de\/index.php?rest_route=\/wp\/v2\/pages\/2"}],"collection":[{"href":"https:\/\/www.anwalt-4u.de\/index.php?rest_route=\/wp\/v2\/pages"}],"about":[{"href":"https:\/\/www.anwalt-4u.de\/index.php?rest_route=\/wp\/v2\/types\/page"}],"author":[{"embeddable":true,"href":"https:\/\/www.anwalt-4u.de\/index.php?rest_route=\/wp\/v2\/users\/1"}],"replies":[{"embeddable":true,"href":"https:\/\/www.anwalt-4u.de\/index.php?rest_route=%2Fwp%2Fv2%2Fcomments&post=2"}],"version-history":[{"count":8,"href":"https:\/\/www.anwalt-4u.de\/index.php?rest_route=\/wp\/v2\/pages\/2\/revisions"}],"predecessor-version":[{"id":47,"href":"https:\/\/www.anwalt-4u.de\/index.php?rest_route=\/wp\/v2\/pages\/2\/revisions\/47"}],"wp:attachment":[{"href":"https:\/\/www.anwalt-4u.de\/index.php?rest_route=%2Fwp%2Fv2%2Fmedia&parent=2"}],"curies":[{"name":"wp","href":"https:\/\/api.w.org\/{rel}","templated":true}]}}