{"id":35,"date":"2020-03-24T07:44:13","date_gmt":"2020-03-24T07:44:13","guid":{"rendered":"http:\/\/anwalt-4u.de\/?page_id=35"},"modified":"2022-01-26T18:38:44","modified_gmt":"2022-01-26T18:38:44","slug":"information-nach-%c2%a76-tdg","status":"publish","type":"page","link":"https:\/\/www.anwalt-4u.de\/?page_id=35","title":{"rendered":"Information nach \u00a76 TDG"},"content":{"rendered":"\n<p>Rechtsanwalt Lange ist zugelassen beim Landgericht Berlin und beim Kammergericht.<\/p>\n\n\n\n<p>Die in der Bundesrepublik Deutschland verliehene Berufsbezeichnung lautet&nbsp;<em>Rechtsanwalt<\/em>.<\/p>\n\n\n\n<p>Die zust\u00e4ndige Aufsichtsbeh\u00f6rde ist die Rechtsanwaltskammer Berlin, Littenstr. 9, 10179 Berlin.<\/p>\n\n\n\n<p>Berufsrechtliche Regelungen sind u.a.:<\/p>\n\n\n\n<p>&#8211; Bundesrechtsanwaltsordnung (BRAO)<\/p>\n\n\n\n<p>&#8211; Berufsordnung f\u00fcr Rechtsanw\u00e4lte (BORA)<\/p>\n\n\n\n<p>&#8211; Rechtsanwaltsverg\u00fctungsgesetz (RVG)<\/p>\n\n\n\n<p>Diese k\u00f6nnen Sie auf der Internetseite der Bundesrechtsanwaltskammer unter&nbsp;<a href=\"http:\/\/www.brak.de\/seiten\/06.php%20\" target=\"_blank\" rel=\"noreferrer noopener\">http:\/\/www.brak.de\/seiten\/06.php<\/a>nachlesen.<\/p>\n\n\n\n<p>Inhaltsverantwortlich im Sinne des \u00a7 5 TMG ist: Henry Lange<\/p>\n\n\n\n<p>Biberpelzstr. 37<br>12589 Berlin<\/p>\n\n\n\n<p>Telefon: +49 30 280 99 744<br>Telefax: +49 30 280 99 745<\/p>\n\n\n\n<p>E-Mail: lange@anwalt-4u.de.de<\/p>\n\n\n\n<p>Haftungshinweis: Trotz sorgf\u00e4ltiger inhaltlicher Kontrolle \u00fcbernehme ich keine Haftung f\u00fcr die Inhalte externer Links. F\u00fcr den Inhalt der verlinkten Seiten sind ausschlie\u00dflich deren Betreiber verantwortlich.<\/p>\n","protected":false},"excerpt":{"rendered":"<p>Rechtsanwalt Lange ist zugelassen beim Landgericht Berlin und beim Kammergericht. Die in der Bundesrepublik Deutschland verliehene Berufsbezeichnung lautet&nbsp;Rechtsanwalt. Die zust\u00e4ndige Aufsichtsbeh\u00f6rde ist die Rechtsanwaltskammer Berlin, Littenstr. 9, 10179 Berlin. Berufsrechtliche Regelungen sind u.a.: &#8211; Bundesrechtsanwaltsordnung (BRAO) &#8211; Berufsordnung f\u00fcr Rechtsanw\u00e4lte (BORA) &#8211; Rechtsanwaltsverg\u00fctungsgesetz (RVG) Diese k\u00f6nnen Sie auf der Internetseite der Bundesrechtsanwaltskammer unter&nbsp;http:\/\/www.brak.de\/seiten\/06.phpnachlesen. Inhaltsverantwortlich im &#8230; <a title=\"Information nach \u00a76 TDG\" class=\"read-more\" href=\"https:\/\/www.anwalt-4u.de\/?page_id=35\" aria-label=\"Mehr dazu unter Information nach \u00a76 TDG\">Weiterlesen<\/a><\/p>\n","protected":false},"author":1,"featured_media":0,"parent":0,"menu_order":0,"comment_status":"closed","ping_status":"closed","template":"","meta":[],"_links":{"self":[{"href":"https:\/\/www.anwalt-4u.de\/index.php?rest_route=\/wp\/v2\/pages\/35"}],"collection":[{"href":"https:\/\/www.anwalt-4u.de\/index.php?rest_route=\/wp\/v2\/pages"}],"about":[{"href":"https:\/\/www.anwalt-4u.de\/index.php?rest_route=\/wp\/v2\/types\/page"}],"author":[{"embeddable":true,"href":"https:\/\/www.anwalt-4u.de\/index.php?rest_route=\/wp\/v2\/users\/1"}],"replies":[{"embeddable":true,"href":"https:\/\/www.anwalt-4u.de\/index.php?rest_route=%2Fwp%2Fv2%2Fcomments&post=35"}],"version-history":[{"count":2,"href":"https:\/\/www.anwalt-4u.de\/index.php?rest_route=\/wp\/v2\/pages\/35\/revisions"}],"predecessor-version":[{"id":64,"href":"https:\/\/www.anwalt-4u.de\/index.php?rest_route=\/wp\/v2\/pages\/35\/revisions\/64"}],"wp:attachment":[{"href":"https:\/\/www.anwalt-4u.de\/index.php?rest_route=%2Fwp%2Fv2%2Fmedia&parent=35"}],"curies":[{"name":"wp","href":"https:\/\/api.w.org\/{rel}","templated":true}]}}